{"id":768,"date":"2025-10-09T06:00:50","date_gmt":"2025-10-09T06:00:50","guid":{"rendered":"https:\/\/josvainiuparapija.lt\/?page_id=768"},"modified":"2026-04-15T07:37:30","modified_gmt":"2026-04-15T07:37:30","slug":"sutvirtinimas","status":"publish","type":"page","link":"https:\/\/josvainiuparapija.lt\/?page_id=768","title":{"rendered":"Sutvirtinimas"},"content":{"rendered":"\n<p>2026-04-19 sekantis susitikimas parapijos salyt\u0117je. <\/p>\n\n\n\n<p>&#8212;&#8212;&#8212;&#8212;&#8212;&#8212;&#8212;&#8212;&#8212;&#8212;-<\/p>\n\n\n\n<p>Susitikimai ir pamok\u0117l\u0117s vyksta klebonijos sal\u0117je 12.30 Gojaus g. 2A, Josvainiai.<\/p>\n\n\n\n<p><strong>Vyskupijos patvirtinta Sutvirtinimo data Josvaini\u0173 ba\u017eny\u010dioje: 2026 m. bir\u017eelio 6 d. (\u0161e\u0161tadien\u012f), 12 val.<\/strong><\/p>\n\n\n\n<p>Pasiteirauti galima tel. 0 656 022 55 arba el.p. josvainiai.pernarava@gmail.com. <\/p>\n\n\n\n<p><\/p>\n\n\n\n<figure class=\"wp-block-image size-large is-resized\"><img loading=\"lazy\" decoding=\"async\" width=\"1024\" height=\"683\" src=\"https:\/\/josvainiuparapija.lt\/wp-content\/uploads\/2025\/06\/1-1-1024x683.jpg\" alt=\"\" class=\"wp-image-591\" style=\"width:674px;height:auto\" srcset=\"https:\/\/josvainiuparapija.lt\/wp-content\/uploads\/2025\/06\/1-1-1024x683.jpg 1024w, https:\/\/josvainiuparapija.lt\/wp-content\/uploads\/2025\/06\/1-1-300x200.jpg 300w, https:\/\/josvainiuparapija.lt\/wp-content\/uploads\/2025\/06\/1-1-768x512.jpg 768w, https:\/\/josvainiuparapija.lt\/wp-content\/uploads\/2025\/06\/1-1-1536x1024.jpg 1536w, https:\/\/josvainiuparapija.lt\/wp-content\/uploads\/2025\/06\/1-1-2048x1365.jpg 2048w, https:\/\/josvainiuparapija.lt\/wp-content\/uploads\/2025\/06\/1-1-1140x760.jpg 1140w\" sizes=\"auto, (max-width: 1024px) 100vw, 1024px\" \/><\/figure>\n\n\n\n<p>2025.06.06 Sutvirtinimo sakrament\u0105 pri\u0117m\u0119 januoliai ir suaugusieji. <\/p>\n","protected":false},"excerpt":{"rendered":"<p>2026-04-19 sekantis susitikimas parapijos salyt\u0117je. &#8212;&#8212;&#8212;&#8212;&#8212;&#8212;&#8212;&#8212;&#8212;&#8212;- Susitikimai ir pamok\u0117l\u0117s vyksta klebonijos sal\u0117je 12.30 Gojaus<span class=\"more-dots\">&#8230;<\/span><\/p>\n","protected":false},"author":1,"featured_media":0,"parent":0,"menu_order":0,"comment_status":"closed","ping_status":"closed","template":"","meta":{"footnotes":""},"class_list":["post-768","page","type-page","status-publish","hentry","no-post-thumbnail"],"_links":{"self":[{"href":"https:\/\/josvainiuparapija.lt\/index.php?rest_route=\/wp\/v2\/pages\/768","targetHints":{"allow":["GET"]}}],"collection":[{"href":"https:\/\/josvainiuparapija.lt\/index.php?rest_route=\/wp\/v2\/pages"}],"about":[{"href":"https:\/\/josvainiuparapija.lt\/index.php?rest_route=\/wp\/v2\/types\/page"}],"author":[{"embeddable":true,"href":"https:\/\/josvainiuparapija.lt\/index.php?rest_route=\/wp\/v2\/users\/1"}],"replies":[{"embeddable":true,"href":"https:\/\/josvainiuparapija.lt\/index.php?rest_route=%2Fwp%2Fv2%2Fcomments&post=768"}],"version-history":[{"count":15,"href":"https:\/\/josvainiuparapija.lt\/index.php?rest_route=\/wp\/v2\/pages\/768\/revisions"}],"predecessor-version":[{"id":1031,"href":"https:\/\/josvainiuparapija.lt\/index.php?rest_route=\/wp\/v2\/pages\/768\/revisions\/1031"}],"wp:attachment":[{"href":"https:\/\/josvainiuparapija.lt\/index.php?rest_route=%2Fwp%2Fv2%2Fmedia&parent=768"}],"curies":[{"name":"wp","href":"https:\/\/api.w.org\/{rel}","templated":true}]}}