{"id":770,"date":"2025-10-09T06:01:09","date_gmt":"2025-10-09T06:01:09","guid":{"rendered":"https:\/\/josvainiuparapija.lt\/?page_id=770"},"modified":"2025-11-14T11:29:33","modified_gmt":"2025-11-14T11:29:33","slug":"saravu-baznycia","status":"publish","type":"page","link":"https:\/\/josvainiuparapija.lt\/?page_id=770","title":{"rendered":"\u0160aravai"},"content":{"rendered":"\n<p>\u0160arav\u0173 \u0160v\u010d. J\u0117zaus \u0160irdies ba\u017eny\u010dia (II-oji Josvaini\u0173 parapijos ba\u017eny\u010dia)<\/p>\n\n\n\n<p><\/p>\n\n\n\n<p>Liep\u0173 g. 40<br>\u0160aravai<br>Kunioni\u0173 p\u0161t.<br>58207 K\u0117daini\u0173 r., <\/p>\n\n\n\n<p>Rektorius-valdytojas &#8211; Josvaini\u0173 klebonas, tel. 0 656 022 55, josvainiai.pernarava@gmail.com<\/p>\n\n\n\n<p>Atlaidai &#8211; J\u0117zaus \u0160irdies, artimiausi\u0105 sekmadien\u012f de\u0161imt\u0105 savait\u0119 po Velyk\u0173.<\/p>\n\n\n\n<p>Kvie\u010diame paaukoti \u0160arav\u0173 ba\u017eny\u010diai: Josvaini\u0173 Vis\u0173 \u0160vent\u0173j\u0173 parapija, pavedime pa\u017eym\u0117ti &#8222;\u0160arav\u0173 ba\u017eny\u010diai&#8221;, bankin\u0117 s\u0105skaita LT977300010002521474. <\/p>\n\n\n\n<p>2025 m. \u0160arav\u0173 ba\u017eny\u010dioje \u012fvyko: <\/p>\n\n\n\n<p>Rugs\u0117jo 6 d. 12 val. buvo aukojamos \u0161v. Mi\u0161ios u\u017e \u0160arav\u0173 1863 m. sukil\u0117lius, dalyviai aplank\u0117 kadaise \u010dia augusio \u0160arav\u0173 \u0105\u017euolo viet\u0105, prie kurio \u012fvyko keli\u0173 \u0161imt\u0173 sukil\u0117li\u0173 apsiaustis ir skerdyn\u0117s.<\/p>\n\n\n\n<figure class=\"wp-block-embed is-type-wp-embed is-provider-josvaini-ir-pernaravos-parapijos-arav-ba-ny-ia wp-block-embed-josvaini-ir-pernaravos-parapijos-arav-ba-ny-ia\"><div class=\"wp-block-embed__wrapper\">\n<blockquote class=\"wp-embedded-content\" data-secret=\"UM4McrrPRl\"><a href=\"https:\/\/josvainiuparapija.lt\/?p=711\">\u0160arav\u0173 ba\u017enyt\u0117l\u0117s tvarkymo darbai<\/a><\/blockquote><iframe loading=\"lazy\" class=\"wp-embedded-content\" sandbox=\"allow-scripts\" security=\"restricted\" style=\"position: absolute; visibility: hidden;\" title=\"&#8220;\u0160arav\u0173 ba\u017enyt\u0117l\u0117s tvarkymo darbai&#8221; &#8212; Josvaini\u0173 ir Pernaravos parapijos, \u0160arav\u0173 ba\u017eny\u010dia\" src=\"https:\/\/josvainiuparapija.lt\/?p=711&#038;embed=true#?secret=iXvJoWy9NE#?secret=UM4McrrPRl\" data-secret=\"UM4McrrPRl\" width=\"500\" height=\"282\" frameborder=\"0\" marginwidth=\"0\" marginheight=\"0\" scrolling=\"no\"><\/iframe>\n<\/div><\/figure>\n\n\n\n<p><\/p>\n\n\n\n<figure class=\"wp-block-embed is-type-wp-embed is-provider-josvaini-ir-pernaravos-parapijos-arav-ba-ny-ia wp-block-embed-josvaini-ir-pernaravos-parapijos-arav-ba-ny-ia\"><div class=\"wp-block-embed__wrapper\">\n<blockquote class=\"wp-embedded-content\" data-secret=\"iHDnvPZHTr\"><a href=\"https:\/\/josvainiuparapija.lt\/?p=578\">Atlaidai \u0160arav\u0173 ba\u017eny\u010dioje<\/a><\/blockquote><iframe loading=\"lazy\" class=\"wp-embedded-content\" sandbox=\"allow-scripts\" security=\"restricted\" style=\"position: absolute; visibility: hidden;\" title=\"&#8220;Atlaidai \u0160arav\u0173 ba\u017eny\u010dioje&#8221; &#8212; Josvaini\u0173 ir Pernaravos parapijos, \u0160arav\u0173 ba\u017eny\u010dia\" src=\"https:\/\/josvainiuparapija.lt\/?p=578&#038;embed=true#?secret=9GOx65k0GJ#?secret=iHDnvPZHTr\" data-secret=\"iHDnvPZHTr\" width=\"500\" height=\"282\" frameborder=\"0\" marginwidth=\"0\" marginheight=\"0\" scrolling=\"no\"><\/iframe>\n<\/div><\/figure>\n\n\n\n<p><\/p>\n\n\n\n<p><\/p>\n\n\n\n<p>\u0160arav\u0173 \u0160v\u010d. J\u0117zaus \u0160irdies ba\u017eny\u010dia yra \u0160arav\u0173 kaime, K\u0117daini\u0173 raj., 3 km \u012f \u0161iaur\u0117s rytus nuo \u017demai\u010di\u0173 plento, pastatyta 1933 m. atminti 1863 m. sukilimo aukas (7 kunigai ir keli \u0161imtai sukil\u0117li\u0173, kuriuos nu\u017eud\u0117 carin\u0117s Rusijos kazokai). \u0160i ba\u017eny\u010dia 1995 m. neteko parapijos statuso ir buvo prijungta prie Josvaini\u0173 parapijos. Liaudies architekt\u016bros form\u0173. <\/p>\n\n\n\n<figure class=\"wp-block-embed\"><div class=\"wp-block-embed__wrapper\">\nhttps:\/\/lt.wikipedia.org\/wiki\/%C5%A0arav%C5%B3_%C5%A0v%C4%8D.J%C4%97zaus%C5%A0irdies_ba%C5%BEny%C4%8Dia\n<\/div><\/figure>\n\n\n\n<p><\/p>\n\n\n\n<figure class=\"wp-block-embed\"><div class=\"wp-block-embed__wrapper\">\nhttps:\/\/www.15min.lt\/gyvenimas\/naujiena\/keliones\/saravu-azuolas-nuvirto-po-600-metu-i-virtuoli-ziureti-be-sentimentu-sunku-1630-1499180\n<\/div><\/figure>\n\n\n\n<p><\/p>\n\n\n\n<figure class=\"wp-block-embed is-type-wp-embed is-provider-rinkosaikste-lt wp-block-embed-rinkosaikste-lt\"><div class=\"wp-block-embed__wrapper\">\n<blockquote class=\"wp-embedded-content\" data-secret=\"QNXmkwFRHV\"><a href=\"https:\/\/rinkosaikste.lt\/atnaujino-saravu-azuolo-istorine-vieta\/\">Atnaujino \u0160arav\u0173 \u0105\u017euolo istorin\u0119 viet\u0105<\/a><\/blockquote><iframe loading=\"lazy\" class=\"wp-embedded-content\" sandbox=\"allow-scripts\" security=\"restricted\" style=\"position: absolute; visibility: hidden;\" title=\"&#8220;Atnaujino \u0160arav\u0173 \u0105\u017euolo istorin\u0119 viet\u0105&#8221; &#8212; rinkosaikste.lt\" src=\"https:\/\/rinkosaikste.lt\/atnaujino-saravu-azuolo-istorine-vieta\/embed\/#?secret=uCIguQK9KC#?secret=QNXmkwFRHV\" data-secret=\"QNXmkwFRHV\" width=\"500\" height=\"282\" frameborder=\"0\" marginwidth=\"0\" marginheight=\"0\" scrolling=\"no\"><\/iframe>\n<\/div><\/figure>\n\n\n\n<p><\/p>\n\n\n\n<figure class=\"wp-block-image size-full\"><img loading=\"lazy\" decoding=\"async\" width=\"350\" height=\"555\" src=\"https:\/\/josvainiuparapija.lt\/wp-content\/uploads\/2025\/10\/saravai.jpg\" alt=\"\" class=\"wp-image-796\" srcset=\"https:\/\/josvainiuparapija.lt\/wp-content\/uploads\/2025\/10\/saravai.jpg 350w, https:\/\/josvainiuparapija.lt\/wp-content\/uploads\/2025\/10\/saravai-189x300.jpg 189w\" sizes=\"auto, (max-width: 350px) 100vw, 350px\" \/><\/figure>\n","protected":false},"excerpt":{"rendered":"<p>\u0160arav\u0173 \u0160v\u010d. J\u0117zaus \u0160irdies ba\u017eny\u010dia (II-oji Josvaini\u0173 parapijos ba\u017eny\u010dia) Liep\u0173 g. 40\u0160aravaiKunioni\u0173 p\u0161t.58207 K\u0117daini\u0173<span class=\"more-dots\">&#8230;<\/span><\/p>\n","protected":false},"author":1,"featured_media":0,"parent":0,"menu_order":0,"comment_status":"closed","ping_status":"closed","template":"","meta":{"footnotes":""},"class_list":["post-770","page","type-page","status-publish","hentry","no-post-thumbnail"],"_links":{"self":[{"href":"https:\/\/josvainiuparapija.lt\/index.php?rest_route=\/wp\/v2\/pages\/770","targetHints":{"allow":["GET"]}}],"collection":[{"href":"https:\/\/josvainiuparapija.lt\/index.php?rest_route=\/wp\/v2\/pages"}],"about":[{"href":"https:\/\/josvainiuparapija.lt\/index.php?rest_route=\/wp\/v2\/types\/page"}],"author":[{"embeddable":true,"href":"https:\/\/josvainiuparapija.lt\/index.php?rest_route=\/wp\/v2\/users\/1"}],"replies":[{"embeddable":true,"href":"https:\/\/josvainiuparapija.lt\/index.php?rest_route=%2Fwp%2Fv2%2Fcomments&post=770"}],"version-history":[{"count":8,"href":"https:\/\/josvainiuparapija.lt\/index.php?rest_route=\/wp\/v2\/pages\/770\/revisions"}],"predecessor-version":[{"id":928,"href":"https:\/\/josvainiuparapija.lt\/index.php?rest_route=\/wp\/v2\/pages\/770\/revisions\/928"}],"wp:attachment":[{"href":"https:\/\/josvainiuparapija.lt\/index.php?rest_route=%2Fwp%2Fv2%2Fmedia&parent=770"}],"curies":[{"name":"wp","href":"https:\/\/api.w.org\/{rel}","templated":true}]}}