{"id":772,"date":"2025-10-09T06:01:27","date_gmt":"2025-10-09T06:01:27","guid":{"rendered":"https:\/\/josvainiuparapija.lt\/?page_id=772"},"modified":"2025-11-14T11:14:16","modified_gmt":"2025-11-14T11:14:16","slug":"pernaravos-baznycia","status":"publish","type":"page","link":"https:\/\/josvainiuparapija.lt\/?page_id=772","title":{"rendered":"Pernarava"},"content":{"rendered":"\n<p><strong>Nukry\u017eiuotojo J\u0117zaus ba\u017eny\u010dia<\/strong><\/p>\n\n\n\n<p><\/p>\n\n\n\n<p>\u0160v. Mi\u0161ios sekmadieniais &#8211; 9.00, kitomis progomis pagal susitarim\u0105 arba paskelbiant i\u0161 anksto.<\/p>\n\n\n\n<p>Ju\u0161kyt\u0117s g. 22, Pernarava<br>58277 K\u0117daini\u0173 r.<\/p>\n\n\n\n<p><strong>Juridinio asmens kodas<\/strong> 191248191<br>Parapijos bankin\u0117 s\u0105skaita LT397300010083467078<\/p>\n\n\n\n<p><\/p>\n\n\n\n<p>Atlaidai<\/p>\n\n\n\n<p>\u0160v. Jurgio\u2013 baland\u017eio 23 d. (keliama \u012f artimiausi\u0105 sekmadien\u012f)<br>\u0160v. Antano Paduvie\u010dio \u2013 bir\u017eelio 13 d. (keliama \u012f artimiausi\u0105 sekmadien\u012f)<br>\u0160v. Kry\u017eiaus I\u0161auk\u0161tinimo \u2013 rugs\u0117jo 14 d. (keliama \u012f artimiausi\u0105 sekmadien\u012f po \u0160iluvos atlaid\u0173 arba j\u0173 pabaigoje, jei i\u0161puola savaitgal\u012f)<\/p>\n\n\n\n<p>Pirmoji Pernaravos ba\u017eny\u010dia pastatyta 1670 metais. 1815 metais Henrikas Zabiela pastat\u0117 dabartin\u0119 medin\u0119 ba\u017eny\u010di\u0105. Ji buvo Ariogalos filija. 1836 metais buvo leista steigti parapij\u0105. 1913 metais ba\u017eny\u010dia buvo remontuojama, atnaujinti altoriai.<\/p>\n\n\n\n<p>Ba\u017eny\u010dia liaudies architekt\u016bros form\u0173, sta\u010diakampio plano, vienabok\u0161t\u0117. Prie \u0161onin\u0117s sienos priglausta \u017eema zakristija. \u0160ventorius apjuostas m\u016brine tvora.<\/p>\n\n\n\n<p><\/p>\n","protected":false},"excerpt":{"rendered":"<p>Nukry\u017eiuotojo J\u0117zaus ba\u017eny\u010dia \u0160v. Mi\u0161ios sekmadieniais &#8211; 9.00, kitomis progomis pagal susitarim\u0105 arba paskelbiant<span class=\"more-dots\">&#8230;<\/span><\/p>\n","protected":false},"author":1,"featured_media":0,"parent":0,"menu_order":0,"comment_status":"closed","ping_status":"closed","template":"","meta":{"footnotes":""},"class_list":["post-772","page","type-page","status-publish","hentry","no-post-thumbnail"],"_links":{"self":[{"href":"https:\/\/josvainiuparapija.lt\/index.php?rest_route=\/wp\/v2\/pages\/772","targetHints":{"allow":["GET"]}}],"collection":[{"href":"https:\/\/josvainiuparapija.lt\/index.php?rest_route=\/wp\/v2\/pages"}],"about":[{"href":"https:\/\/josvainiuparapija.lt\/index.php?rest_route=\/wp\/v2\/types\/page"}],"author":[{"embeddable":true,"href":"https:\/\/josvainiuparapija.lt\/index.php?rest_route=\/wp\/v2\/users\/1"}],"replies":[{"embeddable":true,"href":"https:\/\/josvainiuparapija.lt\/index.php?rest_route=%2Fwp%2Fv2%2Fcomments&post=772"}],"version-history":[{"count":6,"href":"https:\/\/josvainiuparapija.lt\/index.php?rest_route=\/wp\/v2\/pages\/772\/revisions"}],"predecessor-version":[{"id":926,"href":"https:\/\/josvainiuparapija.lt\/index.php?rest_route=\/wp\/v2\/pages\/772\/revisions\/926"}],"wp:attachment":[{"href":"https:\/\/josvainiuparapija.lt\/index.php?rest_route=%2Fwp%2Fv2%2Fmedia&parent=772"}],"curies":[{"name":"wp","href":"https:\/\/api.w.org\/{rel}","templated":true}]}}