{"id":781,"date":"2025-10-09T06:07:16","date_gmt":"2025-10-09T06:07:16","guid":{"rendered":"https:\/\/josvainiuparapija.lt\/?page_id=781"},"modified":"2025-10-14T18:11:52","modified_gmt":"2025-10-14T18:11:52","slug":"josvainiu-baznycia","status":"publish","type":"page","link":"https:\/\/josvainiuparapija.lt\/?page_id=781","title":{"rendered":"Josvainiai"},"content":{"rendered":"\n<p>Josvaini\u0173 parapija yra K\u0117daini\u0173 rajone, priklauso Kauno arkivyskupijai ir K\u0117daini\u0173 dekanatui.<\/p>\n\n\n\n<p>Daugiau apie parapij\u0105:<\/p>\n\n\n\n<p>Josvaini\u0173 dvare XVI am\u017eiuje buvo koply\u010dia. 1590 m. klebono Motiejaus Kobilinskio r\u016bpes\u010diu Josvainiuose pastatyta medin\u0117 ba\u017eny\u010dia. Ji buvo konsekruota 1604 metais.<\/p>\n\n\n\n<p>1898 metais medin\u0117 ba\u017eny\u010dia buvo nugriauta. 1899 m. pagal architekto Florijono Vyganovskio projekt\u0105 prad\u0117ta statyti naujoji ba\u017eny\u010dia, kuri u\u017ebaigta 1907 m. Statybomis r\u016bpinosi kun. Jonas Navickas (1941 metais su\u0161audytas Viek\u0161niuose). Visus altorius 1905 metais dar\u0117 A. Zaborskis savo dirbtuv\u0117se \u0160iauliuose. 1907 metais j\u0105 dekoravo P. Vaitkevi\u010dius.<\/p>\n\n\n\n<p>1910\u20131914 metais parapijoje veik\u0117 Blaivyb\u0117s draugijos skyrius, sureng\u0119s Josvainiuose pirm\u0105j\u012f vie\u0161\u0105 lietuvi\u0161k\u0105 vaidinim\u0105. 1912\u20131915 metais parapija tapo lietuvi\u0161kesn\u0117. Per Pirm\u0105j\u012f pasaulin\u012f kar\u0105 buvo bandoma susprogdinti ba\u017eny\u010dios varpus.<\/p>\n\n\n\n<p>1920 m. bir\u017eelio 7 d. ba\u017eny\u010di\u0105 konsekravo vyskupas Pranci\u0161kus Karevi\u010dius, buvo \u012fd\u0117tos \u0161v. Kosto ir Adaukto kankini\u0173 relikvijos. Ba\u017eny\u010diai suteiktas Vis\u0173 \u0160vent\u0173j\u0173 titulas. Po 1920 m. buvo pastatyta parapijos sal\u0117, atidaryta seneli\u0173 prieglauda. 1941 metais ba\u017eny\u010dia buvo apgriauta.<\/p>\n\n\n\n<p>Ba\u017eny\u010dia \u2013 neogotikin\u0117, kry\u017eminio plano, dvibok\u0161t\u0117, vidus \u2013 trij\u0173 nav\u0173, atskirt\u0173 pilioriais. Sakralin\u0117 vertyb\u0117 \u2013 \u0160v\u010d. Mergel\u0117s Marijos paveikslas su metalo apkaustu, tapytas XVIII a.<\/p>\n\n\n\n<figure class=\"wp-block-embed\"><div class=\"wp-block-embed__wrapper\">\nhttps:\/\/lt.wikipedia.org\/wiki\/Josvaini%C5%B3_Vis%C5%B3_%C5%A0vent%C5%B3j%C5%B3_ba%C5%BEny%C4%8Dia\n<\/div><\/figure>\n\n\n\n<p><br>\u00a0<\/p>\n","protected":false},"excerpt":{"rendered":"<p>Josvaini\u0173 parapija yra K\u0117daini\u0173 rajone, priklauso Kauno arkivyskupijai ir K\u0117daini\u0173 dekanatui. Daugiau apie parapij\u0105:<span class=\"more-dots\">&#8230;<\/span><\/p>\n","protected":false},"author":1,"featured_media":0,"parent":0,"menu_order":0,"comment_status":"closed","ping_status":"closed","template":"","meta":{"footnotes":""},"class_list":["post-781","page","type-page","status-publish","hentry","no-post-thumbnail"],"_links":{"self":[{"href":"https:\/\/josvainiuparapija.lt\/index.php?rest_route=\/wp\/v2\/pages\/781","targetHints":{"allow":["GET"]}}],"collection":[{"href":"https:\/\/josvainiuparapija.lt\/index.php?rest_route=\/wp\/v2\/pages"}],"about":[{"href":"https:\/\/josvainiuparapija.lt\/index.php?rest_route=\/wp\/v2\/types\/page"}],"author":[{"embeddable":true,"href":"https:\/\/josvainiuparapija.lt\/index.php?rest_route=\/wp\/v2\/users\/1"}],"replies":[{"embeddable":true,"href":"https:\/\/josvainiuparapija.lt\/index.php?rest_route=%2Fwp%2Fv2%2Fcomments&post=781"}],"version-history":[{"count":3,"href":"https:\/\/josvainiuparapija.lt\/index.php?rest_route=\/wp\/v2\/pages\/781\/revisions"}],"predecessor-version":[{"id":818,"href":"https:\/\/josvainiuparapija.lt\/index.php?rest_route=\/wp\/v2\/pages\/781\/revisions\/818"}],"wp:attachment":[{"href":"https:\/\/josvainiuparapija.lt\/index.php?rest_route=%2Fwp%2Fv2%2Fmedia&parent=781"}],"curies":[{"name":"wp","href":"https:\/\/api.w.org\/{rel}","templated":true}]}}